{"id":10,"date":"2022-12-03T23:38:04","date_gmt":"2022-12-03T22:38:04","guid":{"rendered":"https:\/\/www.elogistik.ch\/?page_id=10"},"modified":"2025-03-20T06:03:25","modified_gmt":"2025-03-20T05:03:25","slug":"ihre-hauseigene-cloud","status":"publish","type":"page","link":"https:\/\/elogistik.ch\/wp\/fr\/","title":{"rendered":"Votre cloud priv\u00e9, dans vos locaux"},"content":{"rendered":"\r\n\r\nVous souhaitez traiter et stocker vos donn\u00e9es dans votre cloud priv\u00e9? Vous ne voulez plus faire appel \u00e0 un prestataire de services, dont vous ne savez pas exactement ce qu&rsquo;il fait de vos donn\u00e9es?\r\n<br>\r\n\r\n<br>\r\n\r\n\r\nNous pouvons vous fournir les moyens n\u00e9cessaires pour votre cloud priv\u00e9 interne. Y compris pour le courrier \u00e9lectronique, le chat et la vid\u00e9oconf\u00e9rence en interne.\r\n<br>\r\n\r\n<br>\r\n\r\n\r\nEn cliquant sur le lien ci-apr\u00e8s, vous pouvez vous inscrire sur notre <a href=\"https:\/\/cloudtest.elogistik.ch\/index.php\/apps\/registration\/\" target=\"_blank\" rel=\"noreferrer noopener\">cloud test<\/a> et faire vos premi\u00e8res exp\u00e9riences.\r\n<br>\r\n\r\n<br>\r\n\r\n\r\nSi vous \u00eates int\u00e9ress\u00e9s, vous pouvez nous contacter. Nous nous ferons un plaisir de vous revenir.\r\n<br>\r\n\r\n<br>\r\n\r\n<div class=\"wp-block-contact-form-7-contact-form-selector\">\n<div class=\"wpcf7 no-js\" id=\"wpcf7-f16-o1\" lang=\"de-CH\" dir=\"ltr\" data-wpcf7-id=\"16\">\n<div class=\"screen-reader-response\"><p role=\"status\" aria-live=\"polite\" aria-atomic=\"true\"><\/p> <ul><\/ul><\/div>\n<form action=\"\/fr\/wp-json\/wp\/v2\/pages\/10#wpcf7-f16-o1\" method=\"post\" class=\"wpcf7-form init\" aria-label=\"Contact form\" novalidate=\"novalidate\" data-status=\"init\">\n<fieldset class=\"hidden-fields-container\"><input type=\"hidden\" name=\"_wpcf7\" value=\"16\" \/><input type=\"hidden\" name=\"_wpcf7_version\" value=\"6.1.4\" \/><input type=\"hidden\" name=\"_wpcf7_locale\" value=\"de_CH\" \/><input type=\"hidden\" name=\"_wpcf7_unit_tag\" value=\"wpcf7-f16-o1\" \/><input type=\"hidden\" name=\"_wpcf7_container_post\" value=\"0\" \/><input type=\"hidden\" name=\"_wpcf7_posted_data_hash\" value=\"\" \/>\n<\/fieldset>\n<p><label> Ihr Name - Votre nom<br \/>\n<span class=\"wpcf7-form-control-wrap\" data-name=\"your-name\"><input size=\"40\" maxlength=\"400\" class=\"wpcf7-form-control wpcf7-text wpcf7-validates-as-required\" aria-required=\"true\" aria-invalid=\"false\" value=\"\" type=\"text\" name=\"your-name\" \/><\/span> <\/label>\n<\/p>\n<p><label> Ihre email - Votre email<br \/>\n<span class=\"wpcf7-form-control-wrap\" data-name=\"your-email\"><input size=\"40\" maxlength=\"400\" class=\"wpcf7-form-control wpcf7-email wpcf7-validates-as-required wpcf7-text wpcf7-validates-as-email\" aria-required=\"true\" aria-invalid=\"false\" value=\"\" type=\"email\" name=\"your-email\" \/><\/span> <\/label>\n<\/p>\n<p><label> Betreff - Concerne<br \/>\n<span class=\"wpcf7-form-control-wrap\" data-name=\"your-subject\"><input size=\"40\" maxlength=\"400\" class=\"wpcf7-form-control wpcf7-text wpcf7-validates-as-required\" aria-required=\"true\" aria-invalid=\"false\" value=\"\" type=\"text\" name=\"your-subject\" \/><\/span> <\/label>\n<\/p>\n<p><label> Ihre Nachricht - Votre message<br \/>\n<span class=\"wpcf7-form-control-wrap\" data-name=\"your-message\"><textarea cols=\"40\" rows=\"10\" maxlength=\"2000\" class=\"wpcf7-form-control wpcf7-textarea\" aria-invalid=\"false\" name=\"your-message\"><\/textarea><\/span> <\/label>\n<\/p>\n<p><div class=\"cf7-cf-turnstile\" style=\"margin-top: 0px; margin-bottom: -15px;\"> <div id=\"cf-turnstile-cf7-2150551445\" class=\"cf-turnstile\" data-callback=\"turnstileCF7Callback\" data-sitekey=\"0x4AAAAAAASHwAwQfBnyk1Gq\" data-theme=\"auto\" data-language=\"auto\" data-size=\"\" data-retry=\"auto\" data-retry-interval=\"1000\" data-refresh-expired=\"auto\" data-action=\"contact-form-7\" data-appearance=\"always\"><\/div> <style>.wpcf7-submit { pointer-events: none; opacity: 0.5; }<\/style> <script>document.addEventListener(\"DOMContentLoaded\", function() { setTimeout(function(){ var e=document.getElementById(\"cf-turnstile-cf7-2150551445\"); e&&!e.innerHTML.trim()&&(turnstile.remove(\"#cf-turnstile-cf7-2150551445\"), turnstile.render(\"#cf-turnstile-cf7-2150551445\", {sitekey:\"0x4AAAAAAASHwAwQfBnyk1Gq\"})); }, 100); });<\/script> <br class=\"cf-turnstile-br cf-turnstile-br-cf7-2150551445\"> <style>#cf-turnstile-cf7-2150551445 { margin-left: -15px; }<\/style> <script>document.addEventListener(\"DOMContentLoaded\",function(){document.querySelectorAll('.wpcf7-form').forEach(function(e){e.addEventListener('submit',function(){if(document.getElementById('cf-turnstile-cf7-2150551445')){setTimeout(function(){turnstile.reset('#cf-turnstile-cf7-2150551445');},1000)}})})});<\/script> <\/div><br\/><input class=\"wpcf7-form-control wpcf7-submit has-spinner\" type=\"submit\" value=\"Senden\" \/>\n<\/p><div class=\"wpcf7-response-output\" aria-hidden=\"true\"><\/div>\n<\/form>\n<\/div>\n<\/div>\r\n","protected":false},"excerpt":{"rendered":"<p>Vous souhaitez traiter et stocker vos donn\u00e9es dans votre cloud priv\u00e9? Vous ne voulez plus faire appel \u00e0 un prestataire de services, dont vous ne savez pas exactement ce qu&rsquo;il fait de vos donn\u00e9es? Nous pouvons vous fournir les moyens n\u00e9cessaires pour votre cloud priv\u00e9 interne. Y compris pour le courrier \u00e9lectronique, le chat et [&hellip;]<\/p>\n","protected":false},"author":1,"featured_media":0,"parent":0,"menu_order":0,"comment_status":"closed","ping_status":"closed","template":"template-parts\/template-page-full-width.php","meta":{"pagelayer_contact_templates":[],"_pagelayer_content":"","footnotes":""},"class_list":["post-10","page","type-page","status-publish","hentry"],"yoast_head":"<!-- This site is optimized with the Yoast SEO plugin v26.6 - https:\/\/yoast.com\/wordpress\/plugins\/seo\/ -->\n<title>Votre cloud priv\u00e9, dans vos locaux<\/title>\n<meta name=\"description\" content=\"Vous souhaitez traiter et stocker vos donn\u00e9es dans votre cloud priv\u00e9? Vous ne voulez plus faire appel \u00e0 un prestataire de services, dont vous ne savez pas exactement ce qu&#039;il fait de vos donn\u00e9es? Nous pouvons vous fournir les moyens n\u00e9cessaires pour votre cloud priv\u00e9 interne. Y compris pour le courrier \u00e9lectronique, le chat et\u2026\" \/>\n<meta name=\"robots\" content=\"index, follow, max-snippet:-1, max-image-preview:large, max-video-preview:-1\" \/>\n<link rel=\"canonical\" href=\"http:\/\/Vous%20souhaitez%20traiter%20et%20stocker%20vos%20donn\u00e9es%20dans%20votre%20cloud%20priv\u00e9?%20Vous%20ne%20voulez%20plus%20faire%20appel%20\u00e0%20un%20prestataire%20de%20services,%20dont%20vous%20ne%20savez%20pas%20exactement%20ce%20qu'il%20fait%20de%20vos%20donn\u00e9es?%20Nous%20pouvons%20vous%20fournir%20les%20moyens%20n\u00e9cessaires%20pour%20votre%20cloud%20priv\u00e9%20interne.%20Y%20compris%20pour%20le%20courrier%20\u00e9lectronique,%20le%20chat%20et\u2026\" \/>\n<meta property=\"og:locale\" content=\"fr_FR\" \/>\n<meta property=\"og:type\" content=\"article\" \/>\n<meta property=\"og:title\" content=\"Votre cloud priv\u00e9, dans vos locaux\" \/>\n<meta property=\"og:description\" content=\"Vous souhaitez traiter et stocker vos donn\u00e9es dans votre cloud priv\u00e9? Vous ne voulez plus faire appel \u00e0 un prestataire de services, dont vous ne savez pas exactement ce qu&#039;il fait de vos donn\u00e9es? Nous pouvons vous fournir les moyens n\u00e9cessaires pour votre cloud priv\u00e9 interne. Y compris pour le courrier \u00e9lectronique, le chat et\u2026\" \/>\n<meta property=\"og:url\" content=\"https:\/\/elogistik.ch\/wp\/fr\/\" \/>\n<meta property=\"og:site_name\" content=\"eLogistik\" \/>\n<meta property=\"article:modified_time\" content=\"2025-03-20T05:03:25+00:00\" \/>\n<meta name=\"twitter:card\" content=\"summary_large_image\" \/>\n<meta name=\"twitter:label1\" content=\"Dur\u00e9e de lecture estim\u00e9e\" \/>\n\t<meta name=\"twitter:data1\" content=\"1 minute\" \/>\n<script type=\"application\/ld+json\" class=\"yoast-schema-graph\">{\"@context\":\"https:\/\/schema.org\",\"@graph\":[{\"@type\":\"WebPage\",\"@id\":\"https:\/\/elogistik.ch\/wp\/fr\/\",\"url\":\"https:\/\/elogistik.ch\/wp\/fr\/\",\"name\":\"Ihre interne, private Cloud - eLogistik\",\"isPartOf\":{\"@id\":\"https:\/\/www.elogistik.ch\/#website\"},\"datePublished\":\"2022-12-03T22:38:04+00:00\",\"dateModified\":\"2025-03-20T05:03:25+00:00\",\"description\":\"private cloud\",\"breadcrumb\":{\"@id\":\"https:\/\/elogistik.ch\/wp\/fr\/#breadcrumb\"},\"inLanguage\":\"fr-FR\",\"potentialAction\":[{\"@type\":\"ReadAction\",\"target\":[\"https:\/\/elogistik.ch\/wp\/fr\/\"]}]},{\"@type\":\"BreadcrumbList\",\"@id\":\"https:\/\/elogistik.ch\/wp\/fr\/#breadcrumb\",\"itemListElement\":[{\"@type\":\"ListItem\",\"position\":1,\"name\":\"Votre cloud priv\u00e9, dans vos locaux\",\"item\":\"https:\/\/www.elogistik.ch\/\"},{\"@type\":\"ListItem\",\"position\":2,\"name\":\"Votre cloud priv\u00e9, dans vos locaux\"}]},{\"@type\":\"WebSite\",\"@id\":\"https:\/\/www.elogistik.ch\/#website\",\"url\":\"https:\/\/www.elogistik.ch\/\",\"name\":\"eLogistik\",\"description\":\"\",\"publisher\":{\"@id\":\"https:\/\/www.elogistik.ch\/#organization\"},\"potentialAction\":[{\"@type\":\"SearchAction\",\"target\":{\"@type\":\"EntryPoint\",\"urlTemplate\":\"https:\/\/www.elogistik.ch\/?s={search_term_string}\"},\"query-input\":{\"@type\":\"PropertyValueSpecification\",\"valueRequired\":true,\"valueName\":\"search_term_string\"}}],\"inLanguage\":\"fr-FR\"},{\"@type\":\"Organization\",\"@id\":\"https:\/\/www.elogistik.ch\/#organization\",\"name\":\"eLogistik\",\"url\":\"https:\/\/www.elogistik.ch\/\",\"logo\":{\"@type\":\"ImageObject\",\"inLanguage\":\"fr-FR\",\"@id\":\"https:\/\/www.elogistik.ch\/#\/schema\/logo\/image\/\",\"url\":\"https:\/\/elogistik.ch\/wp\/wp-content\/uploads\/2022\/12\/cropped-Wolke-2.png\",\"contentUrl\":\"https:\/\/elogistik.ch\/wp\/wp-content\/uploads\/2022\/12\/cropped-Wolke-2.png\",\"width\":288,\"height\":45,\"caption\":\"eLogistik\"},\"image\":{\"@id\":\"https:\/\/www.elogistik.ch\/#\/schema\/logo\/image\/\"}}]}<\/script>\n<!-- \/ Yoast SEO plugin. -->","yoast_head_json":{"title":"Votre cloud priv\u00e9, dans vos locaux","description":"Vous souhaitez traiter et stocker vos donn\u00e9es dans votre cloud priv\u00e9? Vous ne voulez plus faire appel \u00e0 un prestataire de services, dont vous ne savez pas exactement ce qu'il fait de vos donn\u00e9es? Nous pouvons vous fournir les moyens n\u00e9cessaires pour votre cloud priv\u00e9 interne. Y compris pour le courrier \u00e9lectronique, le chat et\u2026","robots":{"index":"index","follow":"follow","max-snippet":"max-snippet:-1","max-image-preview":"max-image-preview:large","max-video-preview":"max-video-preview:-1"},"canonical":"Vous souhaitez traiter et stocker vos donn\u00e9es dans votre cloud priv\u00e9? Vous ne voulez plus faire appel \u00e0 un prestataire de services, dont vous ne savez pas exactement ce qu'il fait de vos donn\u00e9es? Nous pouvons vous fournir les moyens n\u00e9cessaires pour votre cloud priv\u00e9 interne. Y compris pour le courrier \u00e9lectronique, le chat et\u2026","og_locale":"fr_FR","og_type":"article","og_title":"Votre cloud priv\u00e9, dans vos locaux","og_description":"Vous souhaitez traiter et stocker vos donn\u00e9es dans votre cloud priv\u00e9? Vous ne voulez plus faire appel \u00e0 un prestataire de services, dont vous ne savez pas exactement ce qu'il fait de vos donn\u00e9es? Nous pouvons vous fournir les moyens n\u00e9cessaires pour votre cloud priv\u00e9 interne. Y compris pour le courrier \u00e9lectronique, le chat et\u2026","og_url":"https:\/\/elogistik.ch\/wp\/fr\/","og_site_name":"eLogistik","article_modified_time":"2025-03-20T05:03:25+00:00","twitter_card":"summary_large_image","twitter_misc":{"Dur\u00e9e de lecture estim\u00e9e":"1 minute"},"schema":{"@context":"https:\/\/schema.org","@graph":[{"@type":"WebPage","@id":"https:\/\/elogistik.ch\/wp\/fr\/","url":"https:\/\/elogistik.ch\/wp\/fr\/","name":"Ihre interne, private Cloud - eLogistik","isPartOf":{"@id":"https:\/\/www.elogistik.ch\/#website"},"datePublished":"2022-12-03T22:38:04+00:00","dateModified":"2025-03-20T05:03:25+00:00","description":"private cloud","breadcrumb":{"@id":"https:\/\/elogistik.ch\/wp\/fr\/#breadcrumb"},"inLanguage":"fr-FR","potentialAction":[{"@type":"ReadAction","target":["https:\/\/elogistik.ch\/wp\/fr\/"]}]},{"@type":"BreadcrumbList","@id":"https:\/\/elogistik.ch\/wp\/fr\/#breadcrumb","itemListElement":[{"@type":"ListItem","position":1,"name":"Votre cloud priv\u00e9, dans vos locaux","item":"https:\/\/www.elogistik.ch\/"},{"@type":"ListItem","position":2,"name":"Votre cloud priv\u00e9, dans vos locaux"}]},{"@type":"WebSite","@id":"https:\/\/www.elogistik.ch\/#website","url":"https:\/\/www.elogistik.ch\/","name":"eLogistik","description":"","publisher":{"@id":"https:\/\/www.elogistik.ch\/#organization"},"potentialAction":[{"@type":"SearchAction","target":{"@type":"EntryPoint","urlTemplate":"https:\/\/www.elogistik.ch\/?s={search_term_string}"},"query-input":{"@type":"PropertyValueSpecification","valueRequired":true,"valueName":"search_term_string"}}],"inLanguage":"fr-FR"},{"@type":"Organization","@id":"https:\/\/www.elogistik.ch\/#organization","name":"eLogistik","url":"https:\/\/www.elogistik.ch\/","logo":{"@type":"ImageObject","inLanguage":"fr-FR","@id":"https:\/\/www.elogistik.ch\/#\/schema\/logo\/image\/","url":"https:\/\/elogistik.ch\/wp\/wp-content\/uploads\/2022\/12\/cropped-Wolke-2.png","contentUrl":"https:\/\/elogistik.ch\/wp\/wp-content\/uploads\/2022\/12\/cropped-Wolke-2.png","width":288,"height":45,"caption":"eLogistik"},"image":{"@id":"https:\/\/www.elogistik.ch\/#\/schema\/logo\/image\/"}}]}},"_links":{"self":[{"href":"https:\/\/elogistik.ch\/wp\/fr\/wp-json\/wp\/v2\/pages\/10","targetHints":{"allow":["GET"]}}],"collection":[{"href":"https:\/\/elogistik.ch\/wp\/fr\/wp-json\/wp\/v2\/pages"}],"about":[{"href":"https:\/\/elogistik.ch\/wp\/fr\/wp-json\/wp\/v2\/types\/page"}],"author":[{"embeddable":true,"href":"https:\/\/elogistik.ch\/wp\/fr\/wp-json\/wp\/v2\/users\/1"}],"replies":[{"embeddable":true,"href":"https:\/\/elogistik.ch\/wp\/fr\/wp-json\/wp\/v2\/comments?post=10"}],"version-history":[{"count":11,"href":"https:\/\/elogistik.ch\/wp\/fr\/wp-json\/wp\/v2\/pages\/10\/revisions"}],"predecessor-version":[{"id":78,"href":"https:\/\/elogistik.ch\/wp\/fr\/wp-json\/wp\/v2\/pages\/10\/revisions\/78"}],"wp:attachment":[{"href":"https:\/\/elogistik.ch\/wp\/fr\/wp-json\/wp\/v2\/media?parent=10"}],"curies":[{"name":"wp","href":"https:\/\/api.w.org\/{rel}","templated":true}]}}